{"id":50,"date":"2017-10-14T18:03:42","date_gmt":"2017-10-14T16:03:42","guid":{"rendered":"http:\/\/pheno-therapeute.fr\/?page_id=50"},"modified":"2020-10-13T09:54:59","modified_gmt":"2020-10-13T07:54:59","slug":"qui-suis-je","status":"publish","type":"page","link":"https:\/\/pheno-therapeute.fr\/?page_id=50","title":{"rendered":"Qui suis-je?"},"content":{"rendered":"<h1 class=\"mceTemp\" style=\"text-align: center;\"><img loading=\"lazy\" class=\"alignnone size-medium wp-image-417\" src=\"http:\/\/pheno-therapeute.fr\/wp-content\/uploads\/2020\/10\/20201005-DSCF7106-201x300.jpg\" alt=\"\" width=\"201\" height=\"300\" srcset=\"https:\/\/pheno-therapeute.fr\/wp-content\/uploads\/2020\/10\/20201005-DSCF7106-201x300.jpg 201w, https:\/\/pheno-therapeute.fr\/wp-content\/uploads\/2020\/10\/20201005-DSCF7106.jpg 428w\" sizes=\"(max-width: 201px) 100vw, 201px\" \/><\/h1>\n<h1 class=\"mceTemp\" style=\"text-align: center;\"><strong>Karine Marchi<\/strong><\/h1>\n<p style=\"text-align: center;\"><em>Par une pr\u00e9sence bienveillante, s\u00e9curisante et enveloppante, je vous accompagne dans les grands passages de la vie.<\/em><\/p>\n<h3><strong>Mes passions<\/strong><\/h3>\n<p>Je vis ma passion du spectacle vivant depuis pr\u00e8s de 20 ans (voir mon autre site internet :\u00a0<a href=\"http:\/\/karinemarchi.fr\">http:\/\/karinemarchi.fr<\/a>).<\/p>\n<p>Apr\u00e8s ma formation au <strong>Charpentier Art Studio<\/strong> et au <strong>Studio Pygmalion<\/strong>, j\u2019ai encadr\u00e9 de nombreux projets d\u2019\u00e9criture (pi\u00e8ces, romans), mis en sc\u00e8ne de nombreux spectacles (one man show, spectacles musicaux, concerts, pi\u00e8ces, contes\u2026) et accompagn\u00e9 des artistes dans leur interpr\u00e9tation.<\/p>\n<p>Avec <strong>M\u00e9nilmusique<\/strong>, j&rsquo;\u00e9tudie \u00e9galement la musique et le chant.<\/p>\n<p>Parall\u00e8lement j\u2019ai cr\u00e9e et dirig\u00e9 pendant 10 ans <strong>Les Feux de la Rampe<\/strong>, un th\u00e9\u00e2tre parisien.<\/p>\n<p>En 2015, je me lance dans des \u00e9tudes de <strong>psycho-praticienne en ph\u00e9nologie et psychopathologie<\/strong>, afin d&rsquo;approfondir mes connaissances de l&rsquo;humain et de sa complexit\u00e9.<\/p>\n<p>Multi-potentialiste, \u00a0touche-\u00e0-tout, ou phobique de l&rsquo;ennui, j&rsquo;aime apprendre, me former, me challenger. Et quel challenge que celui de chercher \u00e0 \u00a0mieux se conna\u00eetre pour mieux appr\u00e9hender son monde int\u00e9rieur et le monde ext\u00e9rieur !<\/p>\n<p>Ma singularit\u00e9, je l&rsquo;ai assum\u00e9e gr\u00e2ce \u00e0 l&rsquo;art et \u00e0 un travail approfondi sur mes propres blessures.<\/p>\n<p>Au fil du temps, \u00a0je me suis rendue compte que j&rsquo;aimais<strong> accompagner l&rsquo;acte cr\u00e9ateur qui r\u00e9v\u00e8le \u00e0 chacun son essence<\/strong>.<\/p>\n<p>Au travers de mes multiples exp\u00e9riences artistiques, j&rsquo;ai vu tout l&rsquo;apport b\u00e9n\u00e9fique de l&rsquo;Art sur la gu\u00e9rison <strong>psychique et physique<\/strong>.<\/p>\n<p>Toute cr\u00e9ation est une opportunit\u00e9 de d\u00e9couverte de soi, de l&rsquo;autre, de rencontre unique et d&rsquo;apprentissage ; une nouvelle occasion d&rsquo;explorer des mondes imaginaires, de se d\u00e9passer et d&rsquo;appr\u00e9cier la richesse du travail en \u00e9quipe.<\/p>\n<p>Le th\u00e9\u00e2tre permet de lib\u00e9rer la parole mais aussi le corps et les \u00e9motions. S&rsquo;exprimer sur une sc\u00e8ne permet la transcendance.<\/p>\n<p>J&rsquo;ai pu constater notamment les bienfaits de l&rsquo;accompagnement <strong>\u00ab\u00a0Ph\u00e9no-th\u00e9\u00e2tre\u00a0\u00bb<\/strong> dans mon travail gr\u00e2ce \u00e0 l&rsquo;association <strong><a href=\"http:\/\/associationskin.org\">Skin<\/a>,\u00a0<\/strong>avec qui je travaille depuis 3 ans maintenant, pour aider les patients \u00e0 se reconstruire apr\u00e8s l&rsquo;\u00e9preuve du cancer.<\/p>\n<h3><strong>Interview<\/strong> \u00a0:<\/h3>\n<p><a href=\"https:\/\/www.instagram.com\/tv\/CGNi47iIqai\/?utm_source=ig_web_copy_link\">https:\/\/www.instagram.com\/tv\/CGNi47iIqai\/?utm_source=ig_web_copy_link<\/a><\/p>\n<p><a href=\"https:\/\/www.facebook.com\/karine.marchi.7\/videos\/10223264316665688\">https:\/\/www.facebook.com\/karine.marchi.7\/videos\/10223264316665688<\/a><\/p>\n<p><img loading=\"lazy\" class=\"size-medium wp-image-416 aligncenter\" src=\"http:\/\/pheno-therapeute.fr\/wp-content\/uploads\/2020\/10\/Capture-d\u2019\u00e9cran-2020-10-12-\u00e0-16.32.31-170x300.png\" alt=\"\" width=\"170\" height=\"300\" srcset=\"https:\/\/pheno-therapeute.fr\/wp-content\/uploads\/2020\/10\/Capture-d\u2019\u00e9cran-2020-10-12-\u00e0-16.32.31-170x300.png 170w, https:\/\/pheno-therapeute.fr\/wp-content\/uploads\/2020\/10\/Capture-d\u2019\u00e9cran-2020-10-12-\u00e0-16.32.31.png 334w\" sizes=\"(max-width: 170px) 100vw, 170px\" \/><\/p>\n<h3><strong>Mes formations:<\/strong><\/h3>\n<p><span style=\"color: #808080;\"><strong>Healing with the arts &#8211;\u00a0University of Florida :\u00a0Mary Rockwood Lane &amp; Michael Samuels<\/strong><\/span><\/p>\n<p>Comment gu\u00e9rir par et gr\u00e2ce \u00e0 l&rsquo;Art ? L&rsquo;art regroupe tout ce qui nous rend cr\u00e9atif :\u00a0dramaturgie, \u00e9criture, danse, musique, peinture, sculpture, cuisine, broderie&#8230;..\u00a0L&rsquo;oeuvre capture les \u00e9motions et permet de les extraire de notre corps.\u00a0L&rsquo;artiste en soi permet de se connecter \u00e0 son gu\u00e9risseur int\u00e9rieur et de ce fait de trouver en soi les ressources n\u00e9cessaires pour retrouver force et \u00e9lan de vie.<\/p>\n<p><span style=\"color: #808080;\"><strong>Psychopathologie appliqu\u00e9e au cadre : David Tysseire<\/strong><\/span><\/p>\n<p>N\u00e9vroses, Psychoses, Etats Limites &#8211; Etats narcissiques et d\u00e9pressifs &#8211; Structures de la personnalit\u00e9 et cadre th\u00e9rapeutique.<\/p>\n<p><span style=\"color: #808080;\"><strong>Groupes de supervision clinique : David Tysseire<\/strong><\/span><\/p>\n<p>Les addictions.\u00a0La dissociation (Table de rencontre pour lib\u00e9rer les traumatismes).\u00a0Intervisions et cas pratiques.<\/p>\n<p><span style=\"color: #808080;\"><strong>Ph\u00e9noth\u00e9rapie (4 ans) : Louis Parez<\/strong><\/span><\/p>\n<p>Psychoth\u00e9rapie humaniste, ph\u00e9nom\u00e9nologique et centr\u00e9e sur la personne, d&rsquo;inspiration junguienne et rogerienne.\u00a0Lors de la th\u00e9rapie, le praticien suit le patient \u00e0 travers ses mouvements \u00e9motionnels internes (ph\u00e9nom\u00e9nologie) afin de l&rsquo;aider \u00e0 identifier et se lib\u00e9rer de ses blessures fondamentales lui permettant de\u00a0se connecter \u00e0 son essence profonde et ainsi de mettre en lumi\u00e8re son diamant int\u00e9rieur.<\/p>\n<p><span style=\"color: #808080;\"><strong>Technique de la m\u00e9tamorphose<\/strong><\/span><\/p>\n<p>Lib\u00e9ration des blocages \u00e9motionnels par le massage (effleurement).<\/p>\n<p><span style=\"color: #808080;\"><strong>Formation artistique\u00a0<\/strong><\/span><\/p>\n<p>Th\u00e9\u00e2tre: Charpentier art studio, Studio Pygmalion.<\/p>\n<p>Musique et chant : M\u00e9nilmusique, Manufacture de la chanson.<\/p>\n","protected":false},"excerpt":{"rendered":"<p>Karine Marchi Par une pr\u00e9sence bienveillante, s\u00e9curisante et enveloppante, je vous accompagne dans les grands passages de la vie. Mes passions Je vis ma passion du spectacle vivant depuis pr\u00e8s de 20 ans (voir mon autre site internet :\u00a0http:\/\/karinemarchi.fr). Apr\u00e8s ma formation au Charpentier Art Studio et au Studio Pygmalion, j\u2019ai encadr\u00e9 de nombreux projets &hellip; <\/p>\n<p class=\"link-more\"><a href=\"https:\/\/pheno-therapeute.fr\/?page_id=50\" class=\"more-link\">Continuer la lecture<span class=\"screen-reader-text\"> de &laquo;&nbsp;Qui suis-je?&nbsp;&raquo;<\/span><\/a><\/p>\n","protected":false},"author":1,"featured_media":0,"parent":0,"menu_order":0,"comment_status":"closed","ping_status":"closed","template":"","meta":[],"_links":{"self":[{"href":"https:\/\/pheno-therapeute.fr\/index.php?rest_route=\/wp\/v2\/pages\/50"}],"collection":[{"href":"https:\/\/pheno-therapeute.fr\/index.php?rest_route=\/wp\/v2\/pages"}],"about":[{"href":"https:\/\/pheno-therapeute.fr\/index.php?rest_route=\/wp\/v2\/types\/page"}],"author":[{"embeddable":true,"href":"https:\/\/pheno-therapeute.fr\/index.php?rest_route=\/wp\/v2\/users\/1"}],"replies":[{"embeddable":true,"href":"https:\/\/pheno-therapeute.fr\/index.php?rest_route=%2Fwp%2Fv2%2Fcomments&post=50"}],"version-history":[{"count":35,"href":"https:\/\/pheno-therapeute.fr\/index.php?rest_route=\/wp\/v2\/pages\/50\/revisions"}],"predecessor-version":[{"id":423,"href":"https:\/\/pheno-therapeute.fr\/index.php?rest_route=\/wp\/v2\/pages\/50\/revisions\/423"}],"wp:attachment":[{"href":"https:\/\/pheno-therapeute.fr\/index.php?rest_route=%2Fwp%2Fv2%2Fmedia&parent=50"}],"curies":[{"name":"wp","href":"https:\/\/api.w.org\/{rel}","templated":true}]}}