{"id":7,"date":"2017-10-14T18:20:49","date_gmt":"2017-10-14T16:20:49","guid":{"rendered":"http:\/\/pheno-therapeute.fr\/?page_id=7"},"modified":"2020-04-13T18:06:28","modified_gmt":"2020-04-13T16:06:28","slug":"accueil","status":"publish","type":"page","link":"https:\/\/pheno-therapeute.fr\/","title":{"rendered":"Accueil"},"content":{"rendered":"<h3 style=\"text-align: center;\"><span style=\"color: #000000;\"><strong>Je vous souhaite la bienvenue sur mon site de psycho-praticienne en ph\u00e9nologie et art th\u00e9rapie.<\/strong><\/span><\/h3>\n<p>&nbsp;<\/p>\n<p style=\"text-align: center;\"><img loading=\"lazy\" class=\"wp-image-192 size-medium aligncenter\" src=\"http:\/\/pheno-therapeute.fr\/wp-content\/uploads\/2017\/10\/woman-865021_1920-300x200.jpg\" alt=\"\" width=\"300\" height=\"200\" srcset=\"https:\/\/pheno-therapeute.fr\/wp-content\/uploads\/2017\/10\/woman-865021_1920-300x200.jpg 300w, https:\/\/pheno-therapeute.fr\/wp-content\/uploads\/2017\/10\/woman-865021_1920-768x512.jpg 768w, https:\/\/pheno-therapeute.fr\/wp-content\/uploads\/2017\/10\/woman-865021_1920-1024x683.jpg 1024w, https:\/\/pheno-therapeute.fr\/wp-content\/uploads\/2017\/10\/woman-865021_1920.jpg 1920w\" sizes=\"(max-width: 300px) 100vw, 300px\" \/><\/p>\n<p>Passionn\u00e9e par l&rsquo;art et le comportement humain, je vous propose mon accompagnement afin de vous permettre de passer de l&rsquo;ombre \u00e0 la lumi\u00e8re.<\/p>\n<p>A travers les \u00e9preuves que nous rencontrons, nous pouvons perdre notre spontan\u00e9it\u00e9, notre \u00e9lan de vie.<\/p>\n<p>Parce qu&rsquo;il faut survivre, parce que l&rsquo;entourage n&rsquo;est pas pr\u00e9sent, parce que la vie ne nous a pas \u00e9pargn\u00e9s&#8230; nous nous interdisons d&rsquo;exprimer nos \u00e9motions, nous brimons \u00a0notre corps (voire nous le bl\u00e2mons), nous freinons nos pulsions et nos envies.<\/p>\n<p>Petit \u00e0 petit nous nous \u00ab\u00a0d\u00e9connectons\u00a0\u00bb de nous m\u00eame et du monde ext\u00e9rieur.<\/p>\n<p><span style=\"color: #000000;\"><strong>La ph\u00e9nologie et l&rsquo;art th\u00e9rapie<\/strong> <\/span>permettent, au fil des s\u00e9ances, de :<\/p>\n<p>Se reconnecter \u00e0 son enfant int\u00e9rieur et le laisser <span style=\"color: #000000;\"><strong>s&rsquo;exprimer<\/strong><\/span>.<\/p>\n<p>S&rsquo;autoriser \u00e0 <span style=\"color: #000000;\"><strong>r\u00eaver<\/strong><\/span>.<\/p>\n<p>S&rsquo;autoriser \u00e0 <span style=\"color: #000000;\"><strong>jouer<\/strong><\/span>.<\/p>\n<p>S&rsquo;autoriser \u00e0 <span style=\"color: #000000;\"><strong>briller<\/strong><\/span> et \u00e0\u00a0<span style=\"color: #000000;\"><strong>\u00eatre<\/strong><\/span> soi, en lien avec les autres.<\/p>\n<p>&nbsp;<\/p>\n","protected":false},"excerpt":{"rendered":"<p>Je vous souhaite la bienvenue sur mon site de psycho-praticienne en ph\u00e9nologie et art th\u00e9rapie. &nbsp; Passionn\u00e9e par l&rsquo;art et le comportement humain, je vous propose mon accompagnement afin de vous permettre de passer de l&rsquo;ombre \u00e0 la lumi\u00e8re. A travers les \u00e9preuves que nous rencontrons, nous pouvons perdre notre spontan\u00e9it\u00e9, notre \u00e9lan de vie. &hellip; <\/p>\n<p class=\"link-more\"><a href=\"https:\/\/pheno-therapeute.fr\/\" class=\"more-link\">Continuer la lecture<span class=\"screen-reader-text\"> de &laquo;&nbsp;Accueil&nbsp;&raquo;<\/span><\/a><\/p>\n","protected":false},"author":1,"featured_media":0,"parent":0,"menu_order":0,"comment_status":"closed","ping_status":"closed","template":"","meta":[],"_links":{"self":[{"href":"https:\/\/pheno-therapeute.fr\/index.php?rest_route=\/wp\/v2\/pages\/7"}],"collection":[{"href":"https:\/\/pheno-therapeute.fr\/index.php?rest_route=\/wp\/v2\/pages"}],"about":[{"href":"https:\/\/pheno-therapeute.fr\/index.php?rest_route=\/wp\/v2\/types\/page"}],"author":[{"embeddable":true,"href":"https:\/\/pheno-therapeute.fr\/index.php?rest_route=\/wp\/v2\/users\/1"}],"replies":[{"embeddable":true,"href":"https:\/\/pheno-therapeute.fr\/index.php?rest_route=%2Fwp%2Fv2%2Fcomments&post=7"}],"version-history":[{"count":28,"href":"https:\/\/pheno-therapeute.fr\/index.php?rest_route=\/wp\/v2\/pages\/7\/revisions"}],"predecessor-version":[{"id":316,"href":"https:\/\/pheno-therapeute.fr\/index.php?rest_route=\/wp\/v2\/pages\/7\/revisions\/316"}],"wp:attachment":[{"href":"https:\/\/pheno-therapeute.fr\/index.php?rest_route=%2Fwp%2Fv2%2Fmedia&parent=7"}],"curies":[{"name":"wp","href":"https:\/\/api.w.org\/{rel}","templated":true}]}}