{"id":73,"date":"2017-10-14T18:09:09","date_gmt":"2017-10-14T16:09:09","guid":{"rendered":"http:\/\/pheno-therapeute.fr\/?page_id=73"},"modified":"2022-04-14T14:59:33","modified_gmt":"2022-04-14T12:59:33","slug":"tarif","status":"publish","type":"page","link":"https:\/\/pheno-therapeute.fr\/?page_id=73","title":{"rendered":"Tarifs"},"content":{"rendered":"<h3><strong>S\u00e9ance individuelle:<\/strong><\/h3>\n<p>Tarif: 70\u20ac<\/p>\n<p>Dur\u00e9e: 60&prime;<\/p>\n<p>Toute s\u00e9ance annul\u00e9e moins de 48h \u00e0 l&rsquo;avance sera due.<\/p>\n<h3><strong>S\u00e9ance de groupe: <\/strong><\/h3>\n<p>Devis sur demande.<\/p>\n","protected":false},"excerpt":{"rendered":"<p>S\u00e9ance individuelle: Tarif: 70\u20ac Dur\u00e9e: 60&prime; Toute s\u00e9ance annul\u00e9e moins de 48h \u00e0 l&rsquo;avance sera due. S\u00e9ance de groupe: Devis sur demande.<\/p>\n","protected":false},"author":1,"featured_media":0,"parent":0,"menu_order":0,"comment_status":"closed","ping_status":"closed","template":"","meta":[],"_links":{"self":[{"href":"https:\/\/pheno-therapeute.fr\/index.php?rest_route=\/wp\/v2\/pages\/73"}],"collection":[{"href":"https:\/\/pheno-therapeute.fr\/index.php?rest_route=\/wp\/v2\/pages"}],"about":[{"href":"https:\/\/pheno-therapeute.fr\/index.php?rest_route=\/wp\/v2\/types\/page"}],"author":[{"embeddable":true,"href":"https:\/\/pheno-therapeute.fr\/index.php?rest_route=\/wp\/v2\/users\/1"}],"replies":[{"embeddable":true,"href":"https:\/\/pheno-therapeute.fr\/index.php?rest_route=%2Fwp%2Fv2%2Fcomments&post=73"}],"version-history":[{"count":11,"href":"https:\/\/pheno-therapeute.fr\/index.php?rest_route=\/wp\/v2\/pages\/73\/revisions"}],"predecessor-version":[{"id":450,"href":"https:\/\/pheno-therapeute.fr\/index.php?rest_route=\/wp\/v2\/pages\/73\/revisions\/450"}],"wp:attachment":[{"href":"https:\/\/pheno-therapeute.fr\/index.php?rest_route=%2Fwp%2Fv2%2Fmedia&parent=73"}],"curies":[{"name":"wp","href":"https:\/\/api.w.org\/{rel}","templated":true}]}}