{"id":75,"date":"2017-10-14T18:09:48","date_gmt":"2017-10-14T16:09:48","guid":{"rendered":"http:\/\/pheno-therapeute.fr\/?page_id=75"},"modified":"2020-04-13T19:37:07","modified_gmt":"2020-04-13T17:37:07","slug":"les-stages","status":"publish","type":"page","link":"https:\/\/pheno-therapeute.fr\/?page_id=75","title":{"rendered":"Ateliers collectifs"},"content":{"rendered":"<p class=\"Corps\" style=\"text-align: center;\">Il s&rsquo;agit d&rsquo;un atelier de th\u00e9\u00e2tre dans lequel nous travaillons via des exercices <b>ludiques et vari\u00e9s\u00a0<\/b>:<\/p>\n<h3><strong><u>Le langage corpore<\/u><\/strong><strong><u>l<\/u><\/strong><\/h3>\n<p><img loading=\"lazy\" class=\"size-medium wp-image-296 alignleft\" src=\"http:\/\/pheno-therapeute.fr\/wp-content\/uploads\/2020\/04\/girl-2940655_1920-300x200.jpg\" alt=\"\" width=\"300\" height=\"200\" srcset=\"https:\/\/pheno-therapeute.fr\/wp-content\/uploads\/2020\/04\/girl-2940655_1920-300x200.jpg 300w, https:\/\/pheno-therapeute.fr\/wp-content\/uploads\/2020\/04\/girl-2940655_1920-768x512.jpg 768w, https:\/\/pheno-therapeute.fr\/wp-content\/uploads\/2020\/04\/girl-2940655_1920-1024x683.jpg 1024w, https:\/\/pheno-therapeute.fr\/wp-content\/uploads\/2020\/04\/girl-2940655_1920.jpg 1920w\" sizes=\"(max-width: 300px) 100vw, 300px\" \/>Ce que votre corps dit de vous et comment faire passer les messages par votre langage verbal <strong>et<\/strong> non verbal.<\/p>\n<p>Ce corps que l&rsquo;on met souvent de c\u00f4t\u00e9 dans les \u00e9preuves de vie comme la maladie, les agressions, la maltraitance, nous l&rsquo;accompagnons pour qu&rsquo;il reprenne sa place.<\/p>\n<h3><strong><u>Le rapport \u00e0 l&rsquo;espace<\/u><\/strong><\/h3>\n<p><img loading=\"lazy\" class=\"wp-image-327 size-medium alignleft\" src=\"http:\/\/pheno-therapeute.fr\/wp-content\/uploads\/2020\/04\/teddy-4590050_1920-300x225.jpg\" alt=\"\" width=\"300\" height=\"225\" srcset=\"https:\/\/pheno-therapeute.fr\/wp-content\/uploads\/2020\/04\/teddy-4590050_1920-300x225.jpg 300w, https:\/\/pheno-therapeute.fr\/wp-content\/uploads\/2020\/04\/teddy-4590050_1920-768x576.jpg 768w, https:\/\/pheno-therapeute.fr\/wp-content\/uploads\/2020\/04\/teddy-4590050_1920-1024x768.jpg 1024w, https:\/\/pheno-therapeute.fr\/wp-content\/uploads\/2020\/04\/teddy-4590050_1920.jpg 1920w\" sizes=\"(max-width: 300px) 100vw, 300px\" \/><\/p>\n<p class=\"Corps\">Soignez votre entr\u00e9e dans un lieu que vous ne connaissez pas ou en pr\u00e9sence de personnes que vous ne connaissez pas. Appr\u00e9hender l&rsquo;espace pour mieux l&rsquo;habiter par votre pr\u00e9sence.<\/p>\n<h3><strong><u>Le rapport \u00e0 l\u2019autre<\/u><\/strong><\/h3>\n<p><img loading=\"lazy\" class=\"wp-image-191 size-medium alignleft\" src=\"http:\/\/pheno-therapeute.fr\/wp-content\/uploads\/2017\/10\/staging-258631_1920-300x199.jpg\" alt=\"\" width=\"300\" height=\"199\" srcset=\"https:\/\/pheno-therapeute.fr\/wp-content\/uploads\/2017\/10\/staging-258631_1920-300x199.jpg 300w, https:\/\/pheno-therapeute.fr\/wp-content\/uploads\/2017\/10\/staging-258631_1920-768x510.jpg 768w, https:\/\/pheno-therapeute.fr\/wp-content\/uploads\/2017\/10\/staging-258631_1920-1024x680.jpg 1024w, https:\/\/pheno-therapeute.fr\/wp-content\/uploads\/2017\/10\/staging-258631_1920.jpg 1920w\" sizes=\"(max-width: 300px) 100vw, 300px\" \/>C&rsquo;est dans la relation \u00e0 l&rsquo;autre que l&rsquo;on se d\u00e9couvre et qu&rsquo;on apprend le mieux \u00e0 se conna\u00eetre.<\/p>\n<h3><strong><u>L\u2019improvisation<\/u><\/strong><\/h3>\n<h3><img loading=\"lazy\" class=\"size-medium wp-image-291 alignleft\" src=\"http:\/\/pheno-therapeute.fr\/wp-content\/uploads\/2020\/04\/children-4979218_1920-300x200.jpg\" alt=\"\" width=\"300\" height=\"200\" srcset=\"https:\/\/pheno-therapeute.fr\/wp-content\/uploads\/2020\/04\/children-4979218_1920-300x200.jpg 300w, https:\/\/pheno-therapeute.fr\/wp-content\/uploads\/2020\/04\/children-4979218_1920-768x512.jpg 768w, https:\/\/pheno-therapeute.fr\/wp-content\/uploads\/2020\/04\/children-4979218_1920-1024x683.jpg 1024w, https:\/\/pheno-therapeute.fr\/wp-content\/uploads\/2020\/04\/children-4979218_1920.jpg 1920w\" sizes=\"(max-width: 300px) 100vw, 300px\" \/><\/h3>\n<p>Indispensable pour acqu\u00e9rir le sens du spectacle et de la r\u00e9partie et accro\u00eetre sa qualit\u00e9 de pr\u00e9sence en toute circonstance.<\/p>\n<h3><strong><u>L&rsquo;interpr\u00e9tation d&rsquo;un texte<\/u><\/strong><\/h3>\n<h3><img loading=\"lazy\" class=\"alignleft wp-image-295\" src=\"http:\/\/pheno-therapeute.fr\/wp-content\/uploads\/2020\/04\/father-3315817_1920-300x200.jpg\" alt=\"\" width=\"300\" height=\"200\" srcset=\"https:\/\/pheno-therapeute.fr\/wp-content\/uploads\/2020\/04\/father-3315817_1920-300x200.jpg 300w, https:\/\/pheno-therapeute.fr\/wp-content\/uploads\/2020\/04\/father-3315817_1920-768x512.jpg 768w, https:\/\/pheno-therapeute.fr\/wp-content\/uploads\/2020\/04\/father-3315817_1920-1024x683.jpg 1024w, https:\/\/pheno-therapeute.fr\/wp-content\/uploads\/2020\/04\/father-3315817_1920.jpg 1920w\" sizes=\"(max-width: 300px) 100vw, 300px\" \/><\/h3>\n<p class=\"Corps\">C&rsquo;est souvent en travaillant un personnage que l&rsquo;on prend conscience de notre singularit\u00e9. Via l&rsquo;interpr\u00e9tation d&rsquo;un texte, on apprend comment convaincre l&rsquo;autre de notre propos.<\/p>\n<h3><strong><u>Le cadre th\u00e9rapeutique en plus<\/u><\/strong><\/h3>\n<h3 class=\"Corps\"><img loading=\"lazy\" class=\"alignleft wp-image-188 \" src=\"http:\/\/pheno-therapeute.fr\/wp-content\/uploads\/2017\/10\/hands-2706109_1920-300x200.jpg\" alt=\"\" width=\"291\" height=\"194\" srcset=\"https:\/\/pheno-therapeute.fr\/wp-content\/uploads\/2017\/10\/hands-2706109_1920-300x200.jpg 300w, https:\/\/pheno-therapeute.fr\/wp-content\/uploads\/2017\/10\/hands-2706109_1920-768x511.jpg 768w, https:\/\/pheno-therapeute.fr\/wp-content\/uploads\/2017\/10\/hands-2706109_1920-1024x682.jpg 1024w, https:\/\/pheno-therapeute.fr\/wp-content\/uploads\/2017\/10\/hands-2706109_1920.jpg 1920w\" sizes=\"(max-width: 291px) 100vw, 291px\" \/><\/h3>\n<p class=\"Corps\">La bienveillance y est reine. On exp\u00e9rimente. On se challenge. On aiguise nos sens et notre curiosit\u00e9. On fait l&rsquo;exp\u00e9rience du groupe, du regard de l&rsquo;autre. On se surprend.<\/p>\n<p class=\"Corps\">Et avant tout, <b>on s&rsquo;amuse<\/b>. Parce que dans le m\u00e9tier du spectacle on ne va pas travailler, on va <b>jouer<\/b><span style=\"color: #0000ff;\"><b>\u00a0<\/b><\/span>!<\/p>\n<p class=\"Corps\">Jouer, c&rsquo;est entrer en contact avec son enfant int\u00e9rieur et l&rsquo;autoriser \u00e0 prendre du plaisir.<\/p>\n<p class=\"Corps\">Jouer, c&rsquo;est pour de faux&#8230;. donc pas de danger ! On peut toujours dire \u00ab\u00a0pouce\u00a0\u00bb.<\/p>\n<p class=\"Corps\">Jouer, c&rsquo;est laisser libre court \u00e0 l&rsquo;imagination et oser \u00eatre le h\u00e9ros de notre histoire.<\/p>\n<p class=\"Corps\">Le cadre th\u00e9rapeutique permet \u00e0 la parole de chacun d&rsquo;\u00eatre lib\u00e9r\u00e9e \u00e0 travers et entre les diff\u00e9rents exercices de th\u00e9\u00e2tre dans un cadre s\u00e9curisant et bienveillant.<\/p>\n<p class=\"Corps\">Un espace de libert\u00e9 d&rsquo;expression o\u00f9 il sera possible d&rsquo;\u00eatre soi, en authenticit\u00e9 sans avoir peur de d\u00e9ranger, ou d&rsquo;\u00eatre jug\u00e9.<\/p>\n<p class=\"Corps\">Un espace d&rsquo;\u00e9coute privil\u00e9gi\u00e9 et de douceur permettant \u00e0 chacun d&rsquo;oser laisser libre cours \u00e0 l&rsquo;expression de ses \u00e9motions quelles qu&rsquo;elles soient pour s&rsquo;en lib\u00e9rer.<\/p>\n<p class=\"Corps\">Un entretien t\u00e9l\u00e9phonique individuel d\u2019une demi-heure sera demand\u00e9 \u00e0 chaque participant. Il nous permettra de faire connaissance hors la pr\u00e9sence du groupe, en toute confidentialit\u00e9 et me permettra d&rsquo;orienter les exercices au mieux par la suite.<\/p>\n<p class=\"Corps\">Il faut un minimum de 6 inscrits. Pas de limite maximum.Plusieurs formules possibles:<\/p>\n<ul>\n<li>Stage de deux ou trois jours sur une probl\u00e9matique particuli\u00e8re.<\/li>\n<li>Atelier hebdomadaire pour un travail de fond.<\/li>\n<\/ul>\n","protected":false},"excerpt":{"rendered":"<p>Il s&rsquo;agit d&rsquo;un atelier de th\u00e9\u00e2tre dans lequel nous travaillons via des exercices ludiques et vari\u00e9s\u00a0: Le langage corporel Ce que votre corps dit de vous et comment faire passer les messages par votre langage verbal et non verbal. Ce corps que l&rsquo;on met souvent de c\u00f4t\u00e9 dans les \u00e9preuves de vie comme la maladie, &hellip; <\/p>\n<p class=\"link-more\"><a href=\"https:\/\/pheno-therapeute.fr\/?page_id=75\" class=\"more-link\">Continuer la lecture<span class=\"screen-reader-text\"> de &laquo;&nbsp;Ateliers collectifs&nbsp;&raquo;<\/span><\/a><\/p>\n","protected":false},"author":1,"featured_media":0,"parent":0,"menu_order":0,"comment_status":"closed","ping_status":"closed","template":"","meta":[],"_links":{"self":[{"href":"https:\/\/pheno-therapeute.fr\/index.php?rest_route=\/wp\/v2\/pages\/75"}],"collection":[{"href":"https:\/\/pheno-therapeute.fr\/index.php?rest_route=\/wp\/v2\/pages"}],"about":[{"href":"https:\/\/pheno-therapeute.fr\/index.php?rest_route=\/wp\/v2\/types\/page"}],"author":[{"embeddable":true,"href":"https:\/\/pheno-therapeute.fr\/index.php?rest_route=\/wp\/v2\/users\/1"}],"replies":[{"embeddable":true,"href":"https:\/\/pheno-therapeute.fr\/index.php?rest_route=%2Fwp%2Fv2%2Fcomments&post=75"}],"version-history":[{"count":45,"href":"https:\/\/pheno-therapeute.fr\/index.php?rest_route=\/wp\/v2\/pages\/75\/revisions"}],"predecessor-version":[{"id":370,"href":"https:\/\/pheno-therapeute.fr\/index.php?rest_route=\/wp\/v2\/pages\/75\/revisions\/370"}],"wp:attachment":[{"href":"https:\/\/pheno-therapeute.fr\/index.php?rest_route=%2Fwp%2Fv2%2Fmedia&parent=75"}],"curies":[{"name":"wp","href":"https:\/\/api.w.org\/{rel}","templated":true}]}}